{"id":19,"date":"2014-11-15T15:39:59","date_gmt":"2014-11-15T14:39:59","guid":{"rendered":"http:\/\/slunecnice.orlicemb.cz\/subdom\/slunecnice\/?page_id=19"},"modified":"2025-08-30T14:06:54","modified_gmt":"2025-08-30T13:06:54","slug":"rosnicky","status":"publish","type":"page","link":"https:\/\/slunecnice.orlicemb.cz\/subdom\/slunecnice\/?page_id=19","title":{"rendered":"Skautky"},"content":{"rendered":"\n<h3 class=\"has-text-align-center\">Veden\u00ed<\/h3>\n\n\n\n<div class=\"is-layout-flex wp-container-6 wp-block-columns\">\n<div class=\"is-layout-flow wp-block-column\">\n<div class=\"is-layout-flex wp-container-4 wp-block-columns\">\n<div class=\"is-layout-flow wp-block-column\">\n<figure class=\"wp-block-image size-large\"><a href=\"http:\/\/slunecnice.orlicemb.cz\/subdom\/slunecnice\/wp-content\/uploads\/2023\/02\/DSC_0434-1-scaled.jpg\"><img decoding=\"async\" loading=\"lazy\" width=\"1024\" height=\"1024\" src=\"http:\/\/slunecnice.orlicemb.cz\/subdom\/slunecnice\/wp-content\/uploads\/2023\/02\/DSC_0434-1-1024x1024.jpg\" alt=\"\" class=\"wp-image-1220\" srcset=\"https:\/\/slunecnice.orlicemb.cz\/subdom\/slunecnice\/wp-content\/uploads\/2023\/02\/DSC_0434-1-1024x1024.jpg 1024w, https:\/\/slunecnice.orlicemb.cz\/subdom\/slunecnice\/wp-content\/uploads\/2023\/02\/DSC_0434-1-300x300.jpg 300w, https:\/\/slunecnice.orlicemb.cz\/subdom\/slunecnice\/wp-content\/uploads\/2023\/02\/DSC_0434-1-150x150.jpg 150w, https:\/\/slunecnice.orlicemb.cz\/subdom\/slunecnice\/wp-content\/uploads\/2023\/02\/DSC_0434-1-768x768.jpg 768w, https:\/\/slunecnice.orlicemb.cz\/subdom\/slunecnice\/wp-content\/uploads\/2023\/02\/DSC_0434-1-1536x1536.jpg 1536w, https:\/\/slunecnice.orlicemb.cz\/subdom\/slunecnice\/wp-content\/uploads\/2023\/02\/DSC_0434-1-2048x2048.jpg 2048w, https:\/\/slunecnice.orlicemb.cz\/subdom\/slunecnice\/wp-content\/uploads\/2023\/02\/DSC_0434-1-1200x1200.jpg 1200w, https:\/\/slunecnice.orlicemb.cz\/subdom\/slunecnice\/wp-content\/uploads\/2023\/02\/DSC_0434-1-1980x1980.jpg 1980w\" sizes=\"(max-width: 1024px) 100vw, 1024px\" \/><\/a><\/figure>\n\n\n\n<p class=\"has-text-align-center\">Kim<\/p>\n<\/div>\n\n\n\n<div class=\"is-layout-flow wp-block-column\">\n<figure class=\"wp-block-image size-large\"><a href=\"http:\/\/slunecnice.orlicemb.cz\/subdom\/slunecnice\/wp-content\/uploads\/2025\/08\/IMG_6076.jpg\"><img decoding=\"async\" loading=\"lazy\" width=\"1012\" height=\"1024\" src=\"http:\/\/slunecnice.orlicemb.cz\/subdom\/slunecnice\/wp-content\/uploads\/2025\/08\/IMG_6076-1012x1024.jpg\" alt=\"\" class=\"wp-image-1421\" srcset=\"https:\/\/slunecnice.orlicemb.cz\/subdom\/slunecnice\/wp-content\/uploads\/2025\/08\/IMG_6076-1012x1024.jpg 1012w, https:\/\/slunecnice.orlicemb.cz\/subdom\/slunecnice\/wp-content\/uploads\/2025\/08\/IMG_6076-297x300.jpg 297w, https:\/\/slunecnice.orlicemb.cz\/subdom\/slunecnice\/wp-content\/uploads\/2025\/08\/IMG_6076-768x777.jpg 768w, https:\/\/slunecnice.orlicemb.cz\/subdom\/slunecnice\/wp-content\/uploads\/2025\/08\/IMG_6076-1518x1536.jpg 1518w, https:\/\/slunecnice.orlicemb.cz\/subdom\/slunecnice\/wp-content\/uploads\/2025\/08\/IMG_6076-1200x1214.jpg 1200w, https:\/\/slunecnice.orlicemb.cz\/subdom\/slunecnice\/wp-content\/uploads\/2025\/08\/IMG_6076.jpg 1632w\" sizes=\"(max-width: 1012px) 100vw, 1012px\" \/><\/a><\/figure>\n\n\n\n<p class=\"has-text-align-center\">Bar\u010da<\/p>\n<\/div>\n\n\n\n<div class=\"is-layout-flow wp-block-column\">\n<figure class=\"wp-block-image size-full\"><a href=\"http:\/\/slunecnice.orlicemb.cz\/subdom\/slunecnice\/wp-content\/uploads\/2025\/08\/IMG_4274.jpg\"><img decoding=\"async\" loading=\"lazy\" width=\"506\" height=\"506\" src=\"http:\/\/slunecnice.orlicemb.cz\/subdom\/slunecnice\/wp-content\/uploads\/2025\/08\/IMG_4274.jpg\" alt=\"\" class=\"wp-image-1425\" srcset=\"https:\/\/slunecnice.orlicemb.cz\/subdom\/slunecnice\/wp-content\/uploads\/2025\/08\/IMG_4274.jpg 506w, https:\/\/slunecnice.orlicemb.cz\/subdom\/slunecnice\/wp-content\/uploads\/2025\/08\/IMG_4274-300x300.jpg 300w, https:\/\/slunecnice.orlicemb.cz\/subdom\/slunecnice\/wp-content\/uploads\/2025\/08\/IMG_4274-150x150.jpg 150w\" sizes=\"(max-width: 506px) 100vw, 506px\" \/><\/a><\/figure>\n\n\n\n<p class=\"has-text-align-center\">My\u0161ka<\/p>\n<\/div>\n<\/div>\n<\/div>\n<\/div>\n\n\n\n<div class=\"is-layout-flex wp-container-12 wp-block-columns\">\n<div class=\"is-layout-flow wp-block-column\">\n<div class=\"is-layout-flex wp-container-10 wp-block-columns\">\n<div class=\"is-layout-flow wp-block-column\">\n<figure class=\"wp-block-image size-full\"><a href=\"http:\/\/slunecnice.orlicemb.cz\/subdom\/slunecnice\/wp-content\/uploads\/2025\/08\/IMG_5706-1.jpg\"><img decoding=\"async\" loading=\"lazy\" width=\"569\" height=\"569\" src=\"http:\/\/slunecnice.orlicemb.cz\/subdom\/slunecnice\/wp-content\/uploads\/2025\/08\/IMG_5706-1.jpg\" alt=\"\" class=\"wp-image-1428\" srcset=\"https:\/\/slunecnice.orlicemb.cz\/subdom\/slunecnice\/wp-content\/uploads\/2025\/08\/IMG_5706-1.jpg 569w, https:\/\/slunecnice.orlicemb.cz\/subdom\/slunecnice\/wp-content\/uploads\/2025\/08\/IMG_5706-1-300x300.jpg 300w, https:\/\/slunecnice.orlicemb.cz\/subdom\/slunecnice\/wp-content\/uploads\/2025\/08\/IMG_5706-1-150x150.jpg 150w\" sizes=\"(max-width: 569px) 100vw, 569px\" \/><\/a><\/figure>\n\n\n\n<p class=\"has-text-align-center\">Popelka<\/p>\n<\/div>\n\n\n\n<div class=\"is-layout-flow wp-block-column\"><\/div>\n\n\n\n<div class=\"is-layout-flow wp-block-column\">\n<figure class=\"wp-block-image size-large\"><a href=\"http:\/\/slunecnice.orlicemb.cz\/subdom\/slunecnice\/wp-content\/uploads\/2023\/02\/DSC_1081-scaled.jpg\"><img decoding=\"async\" loading=\"lazy\" width=\"1024\" height=\"1024\" src=\"http:\/\/slunecnice.orlicemb.cz\/subdom\/slunecnice\/wp-content\/uploads\/2023\/02\/DSC_1081-1024x1024.jpg\" alt=\"\" class=\"wp-image-1190\" srcset=\"https:\/\/slunecnice.orlicemb.cz\/subdom\/slunecnice\/wp-content\/uploads\/2023\/02\/DSC_1081-1024x1024.jpg 1024w, https:\/\/slunecnice.orlicemb.cz\/subdom\/slunecnice\/wp-content\/uploads\/2023\/02\/DSC_1081-300x300.jpg 300w, https:\/\/slunecnice.orlicemb.cz\/subdom\/slunecnice\/wp-content\/uploads\/2023\/02\/DSC_1081-150x150.jpg 150w, https:\/\/slunecnice.orlicemb.cz\/subdom\/slunecnice\/wp-content\/uploads\/2023\/02\/DSC_1081-768x768.jpg 768w, https:\/\/slunecnice.orlicemb.cz\/subdom\/slunecnice\/wp-content\/uploads\/2023\/02\/DSC_1081-1536x1536.jpg 1536w, https:\/\/slunecnice.orlicemb.cz\/subdom\/slunecnice\/wp-content\/uploads\/2023\/02\/DSC_1081-2048x2048.jpg 2048w, https:\/\/slunecnice.orlicemb.cz\/subdom\/slunecnice\/wp-content\/uploads\/2023\/02\/DSC_1081-1200x1200.jpg 1200w, https:\/\/slunecnice.orlicemb.cz\/subdom\/slunecnice\/wp-content\/uploads\/2023\/02\/DSC_1081-1980x1980.jpg 1980w\" sizes=\"(max-width: 1024px) 100vw, 1024px\" \/><\/a><\/figure>\n\n\n\n<p class=\"has-text-align-center\">Veverka<\/p>\n<\/div>\n<\/div>\n<\/div>\n<\/div>\n\n\n\n<h3 class=\"has-text-align-center\">Rosni\u010dky<\/h3>\n\n\n\n<div class=\"is-layout-flex wp-container-16 wp-block-columns\">\n<div class=\"is-layout-flow wp-block-column\">\n<figure class=\"wp-block-image size-full\"><a href=\"http:\/\/slunecnice.orlicemb.cz\/subdom\/slunecnice\/wp-content\/uploads\/2025\/08\/IMG_4274.jpg\"><img decoding=\"async\" loading=\"lazy\" width=\"506\" height=\"506\" src=\"http:\/\/slunecnice.orlicemb.cz\/subdom\/slunecnice\/wp-content\/uploads\/2025\/08\/IMG_4274.jpg\" alt=\"\" class=\"wp-image-1425\" srcset=\"https:\/\/slunecnice.orlicemb.cz\/subdom\/slunecnice\/wp-content\/uploads\/2025\/08\/IMG_4274.jpg 506w, https:\/\/slunecnice.orlicemb.cz\/subdom\/slunecnice\/wp-content\/uploads\/2025\/08\/IMG_4274-300x300.jpg 300w, https:\/\/slunecnice.orlicemb.cz\/subdom\/slunecnice\/wp-content\/uploads\/2025\/08\/IMG_4274-150x150.jpg 150w\" sizes=\"(max-width: 506px) 100vw, 506px\" \/><\/a><\/figure>\n\n\n\n<p class=\"has-text-align-center\">My\u0161ka<\/p>\n<\/div>\n\n\n\n<div class=\"is-layout-flow wp-block-column\">\n<figure class=\"wp-block-image size-large\"><a href=\"http:\/\/slunecnice.orlicemb.cz\/subdom\/slunecnice\/wp-content\/uploads\/2023\/01\/viky-scaled.jpg\"><img decoding=\"async\" loading=\"lazy\" width=\"1024\" height=\"1024\" src=\"http:\/\/slunecnice.orlicemb.cz\/subdom\/slunecnice\/wp-content\/uploads\/2023\/01\/viky-1024x1024.jpg\" alt=\"\" class=\"wp-image-1154\" srcset=\"https:\/\/slunecnice.orlicemb.cz\/subdom\/slunecnice\/wp-content\/uploads\/2023\/01\/viky-1024x1024.jpg 1024w, https:\/\/slunecnice.orlicemb.cz\/subdom\/slunecnice\/wp-content\/uploads\/2023\/01\/viky-300x300.jpg 300w, https:\/\/slunecnice.orlicemb.cz\/subdom\/slunecnice\/wp-content\/uploads\/2023\/01\/viky-150x150.jpg 150w, https:\/\/slunecnice.orlicemb.cz\/subdom\/slunecnice\/wp-content\/uploads\/2023\/01\/viky-768x768.jpg 768w, https:\/\/slunecnice.orlicemb.cz\/subdom\/slunecnice\/wp-content\/uploads\/2023\/01\/viky-1536x1536.jpg 1536w, https:\/\/slunecnice.orlicemb.cz\/subdom\/slunecnice\/wp-content\/uploads\/2023\/01\/viky-2048x2048.jpg 2048w, https:\/\/slunecnice.orlicemb.cz\/subdom\/slunecnice\/wp-content\/uploads\/2023\/01\/viky-1200x1200.jpg 1200w, https:\/\/slunecnice.orlicemb.cz\/subdom\/slunecnice\/wp-content\/uploads\/2023\/01\/viky-1980x1980.jpg 1980w\" sizes=\"(max-width: 1024px) 100vw, 1024px\" \/><\/a><\/figure>\n\n\n\n<p class=\"has-text-align-center\">Viki<\/p>\n<\/div>\n\n\n\n<div class=\"is-layout-flow wp-block-column\">\n<figure class=\"wp-block-image size-full\"><a href=\"http:\/\/slunecnice.orlicemb.cz\/subdom\/slunecnice\/wp-content\/uploads\/2025\/08\/IMG_4852.jpg\"><img decoding=\"async\" loading=\"lazy\" width=\"845\" height=\"845\" src=\"http:\/\/slunecnice.orlicemb.cz\/subdom\/slunecnice\/wp-content\/uploads\/2025\/08\/IMG_4852.jpg\" alt=\"\" class=\"wp-image-1426\" srcset=\"https:\/\/slunecnice.orlicemb.cz\/subdom\/slunecnice\/wp-content\/uploads\/2025\/08\/IMG_4852.jpg 845w, https:\/\/slunecnice.orlicemb.cz\/subdom\/slunecnice\/wp-content\/uploads\/2025\/08\/IMG_4852-300x300.jpg 300w, https:\/\/slunecnice.orlicemb.cz\/subdom\/slunecnice\/wp-content\/uploads\/2025\/08\/IMG_4852-150x150.jpg 150w, https:\/\/slunecnice.orlicemb.cz\/subdom\/slunecnice\/wp-content\/uploads\/2025\/08\/IMG_4852-768x768.jpg 768w\" sizes=\"(max-width: 845px) 100vw, 845px\" \/><\/a><\/figure>\n\n\n\n<p class=\"has-text-align-center\">Han\u010da<\/p>\n<\/div>\n<\/div>\n\n\n\n<div class=\"is-layout-flex wp-container-18 wp-block-columns\">\n<div class=\"is-layout-flow wp-block-column\"><div class=\"wp-block-image\">\n<figure class=\"aligncenter size-full is-resized\"><a href=\"https:\/\/slunecnice.orlicemb.cz\/subdom\/slunecnice\/wp-content\/uploads\/2025\/08\/IMG_3456-1.jpg\"><img decoding=\"async\" loading=\"lazy\" src=\"https:\/\/slunecnice.orlicemb.cz\/subdom\/slunecnice\/wp-content\/uploads\/2025\/08\/IMG_3456-1.jpg\" alt=\"\" class=\"wp-image-1429\" width=\"168\" height=\"168\" srcset=\"https:\/\/slunecnice.orlicemb.cz\/subdom\/slunecnice\/wp-content\/uploads\/2025\/08\/IMG_3456-1.jpg 950w, https:\/\/slunecnice.orlicemb.cz\/subdom\/slunecnice\/wp-content\/uploads\/2025\/08\/IMG_3456-1-300x300.jpg 300w, https:\/\/slunecnice.orlicemb.cz\/subdom\/slunecnice\/wp-content\/uploads\/2025\/08\/IMG_3456-1-150x150.jpg 150w, https:\/\/slunecnice.orlicemb.cz\/subdom\/slunecnice\/wp-content\/uploads\/2025\/08\/IMG_3456-1-768x768.jpg 768w\" sizes=\"(max-width: 168px) 100vw, 168px\" \/><\/a><\/figure><\/div>\n\n\n<p class=\"has-text-align-center\">Panda<\/p>\n<\/div>\n<\/div>\n\n\n\n<h2 class=\"has-text-align-center\">Sedmikr\u00e1sky<\/h2>\n\n\n\n<div class=\"is-layout-flex wp-container-22 wp-block-columns\">\n<div class=\"is-layout-flow wp-block-column\">\n<figure class=\"wp-block-image size-full\"><a href=\"https:\/\/slunecnice.orlicemb.cz\/subdom\/slunecnice\/wp-content\/uploads\/2025\/08\/IMG_5706-2.jpg\"><img decoding=\"async\" loading=\"lazy\" width=\"569\" height=\"569\" src=\"https:\/\/slunecnice.orlicemb.cz\/subdom\/slunecnice\/wp-content\/uploads\/2025\/08\/IMG_5706-2.jpg\" alt=\"\" class=\"wp-image-1430\" srcset=\"https:\/\/slunecnice.orlicemb.cz\/subdom\/slunecnice\/wp-content\/uploads\/2025\/08\/IMG_5706-2.jpg 569w, https:\/\/slunecnice.orlicemb.cz\/subdom\/slunecnice\/wp-content\/uploads\/2025\/08\/IMG_5706-2-300x300.jpg 300w, https:\/\/slunecnice.orlicemb.cz\/subdom\/slunecnice\/wp-content\/uploads\/2025\/08\/IMG_5706-2-150x150.jpg 150w\" sizes=\"(max-width: 569px) 100vw, 569px\" \/><\/a><\/figure>\n\n\n\n<p class=\"has-text-align-center\">Popelka<\/p>\n<\/div>\n\n\n\n<div class=\"is-layout-flow wp-block-column\">\n<figure class=\"wp-block-image size-full\"><a href=\"https:\/\/slunecnice.orlicemb.cz\/subdom\/slunecnice\/wp-content\/uploads\/2025\/08\/IMG_5218.jpg\"><img decoding=\"async\" loading=\"lazy\" width=\"562\" height=\"562\" src=\"https:\/\/slunecnice.orlicemb.cz\/subdom\/slunecnice\/wp-content\/uploads\/2025\/08\/IMG_5218.jpg\" alt=\"\" class=\"wp-image-1431\" srcset=\"https:\/\/slunecnice.orlicemb.cz\/subdom\/slunecnice\/wp-content\/uploads\/2025\/08\/IMG_5218.jpg 562w, https:\/\/slunecnice.orlicemb.cz\/subdom\/slunecnice\/wp-content\/uploads\/2025\/08\/IMG_5218-300x300.jpg 300w, https:\/\/slunecnice.orlicemb.cz\/subdom\/slunecnice\/wp-content\/uploads\/2025\/08\/IMG_5218-150x150.jpg 150w\" sizes=\"(max-width: 562px) 100vw, 562px\" \/><\/a><\/figure>\n\n\n\n<p class=\"has-text-align-center\">Fifi<\/p>\n<\/div>\n\n\n\n<div class=\"is-layout-flow wp-block-column\">\n<figure class=\"wp-block-image size-large\"><a href=\"http:\/\/slunecnice.orlicemb.cz\/subdom\/slunecnice\/wp-content\/uploads\/2024\/05\/IMG_3932.jpg\"><img decoding=\"async\" loading=\"lazy\" width=\"1024\" height=\"1024\" src=\"http:\/\/slunecnice.orlicemb.cz\/subdom\/slunecnice\/wp-content\/uploads\/2024\/05\/IMG_3932-1024x1024.jpg\" alt=\"\" class=\"wp-image-1360\" srcset=\"https:\/\/slunecnice.orlicemb.cz\/subdom\/slunecnice\/wp-content\/uploads\/2024\/05\/IMG_3932-1024x1024.jpg 1024w, https:\/\/slunecnice.orlicemb.cz\/subdom\/slunecnice\/wp-content\/uploads\/2024\/05\/IMG_3932-300x300.jpg 300w, https:\/\/slunecnice.orlicemb.cz\/subdom\/slunecnice\/wp-content\/uploads\/2024\/05\/IMG_3932-150x150.jpg 150w, https:\/\/slunecnice.orlicemb.cz\/subdom\/slunecnice\/wp-content\/uploads\/2024\/05\/IMG_3932-768x768.jpg 768w, https:\/\/slunecnice.orlicemb.cz\/subdom\/slunecnice\/wp-content\/uploads\/2024\/05\/IMG_3932-1536x1536.jpg 1536w, https:\/\/slunecnice.orlicemb.cz\/subdom\/slunecnice\/wp-content\/uploads\/2024\/05\/IMG_3932-1200x1200.jpg 1200w, https:\/\/slunecnice.orlicemb.cz\/subdom\/slunecnice\/wp-content\/uploads\/2024\/05\/IMG_3932.jpg 1765w\" sizes=\"(max-width: 1024px) 100vw, 1024px\" \/><\/a><\/figure>\n\n\n\n<p class=\"has-text-align-center\">Celer<\/p>\n<\/div>\n<\/div>\n\n\n\n<div class=\"is-layout-flex wp-container-26 wp-block-columns\">\n<div class=\"is-layout-flow wp-block-column\">\n<figure class=\"wp-block-image size-large\"><a href=\"http:\/\/slunecnice.orlicemb.cz\/subdom\/slunecnice\/wp-content\/uploads\/2024\/05\/IMG_3932.jpg\"><img decoding=\"async\" loading=\"lazy\" width=\"1024\" height=\"1024\" src=\"http:\/\/slunecnice.orlicemb.cz\/subdom\/slunecnice\/wp-content\/uploads\/2024\/05\/IMG_3932-1024x1024.jpg\" alt=\"\" class=\"wp-image-1360\" srcset=\"https:\/\/slunecnice.orlicemb.cz\/subdom\/slunecnice\/wp-content\/uploads\/2024\/05\/IMG_3932-1024x1024.jpg 1024w, https:\/\/slunecnice.orlicemb.cz\/subdom\/slunecnice\/wp-content\/uploads\/2024\/05\/IMG_3932-300x300.jpg 300w, https:\/\/slunecnice.orlicemb.cz\/subdom\/slunecnice\/wp-content\/uploads\/2024\/05\/IMG_3932-150x150.jpg 150w, https:\/\/slunecnice.orlicemb.cz\/subdom\/slunecnice\/wp-content\/uploads\/2024\/05\/IMG_3932-768x768.jpg 768w, https:\/\/slunecnice.orlicemb.cz\/subdom\/slunecnice\/wp-content\/uploads\/2024\/05\/IMG_3932-1536x1536.jpg 1536w, https:\/\/slunecnice.orlicemb.cz\/subdom\/slunecnice\/wp-content\/uploads\/2024\/05\/IMG_3932-1200x1200.jpg 1200w, https:\/\/slunecnice.orlicemb.cz\/subdom\/slunecnice\/wp-content\/uploads\/2024\/05\/IMG_3932.jpg 1765w\" sizes=\"(max-width: 1024px) 100vw, 1024px\" \/><\/a><\/figure>\n\n\n\n<p class=\"has-text-align-center\">Celer<\/p>\n<\/div>\n\n\n\n<div class=\"is-layout-flow wp-block-column\">\n<figure class=\"wp-block-image size-full\"><a href=\"http:\/\/slunecnice.orlicemb.cz\/subdom\/slunecnice\/wp-content\/uploads\/2024\/05\/Bibi.jpg\"><img decoding=\"async\" loading=\"lazy\" width=\"711\" height=\"711\" src=\"http:\/\/slunecnice.orlicemb.cz\/subdom\/slunecnice\/wp-content\/uploads\/2024\/05\/Bibi.jpg\" alt=\"\" class=\"wp-image-1358\" srcset=\"https:\/\/slunecnice.orlicemb.cz\/subdom\/slunecnice\/wp-content\/uploads\/2024\/05\/Bibi.jpg 711w, https:\/\/slunecnice.orlicemb.cz\/subdom\/slunecnice\/wp-content\/uploads\/2024\/05\/Bibi-300x300.jpg 300w, https:\/\/slunecnice.orlicemb.cz\/subdom\/slunecnice\/wp-content\/uploads\/2024\/05\/Bibi-150x150.jpg 150w\" sizes=\"(max-width: 711px) 100vw, 711px\" \/><\/a><\/figure>\n\n\n\n<p class=\"has-text-align-center\">Bibi<\/p>\n<\/div>\n\n\n\n<div class=\"is-layout-flow wp-block-column\">\n<figure class=\"wp-block-image size-full\"><a href=\"http:\/\/slunecnice.orlicemb.cz\/subdom\/slunecnice\/wp-content\/uploads\/2024\/05\/406962637_1016596882976878_6598261995213500248_n.jpg\"><img decoding=\"async\" loading=\"lazy\" width=\"332\" height=\"332\" src=\"http:\/\/slunecnice.orlicemb.cz\/subdom\/slunecnice\/wp-content\/uploads\/2024\/05\/406962637_1016596882976878_6598261995213500248_n.jpg\" alt=\"\" class=\"wp-image-1369\" srcset=\"https:\/\/slunecnice.orlicemb.cz\/subdom\/slunecnice\/wp-content\/uploads\/2024\/05\/406962637_1016596882976878_6598261995213500248_n.jpg 332w, https:\/\/slunecnice.orlicemb.cz\/subdom\/slunecnice\/wp-content\/uploads\/2024\/05\/406962637_1016596882976878_6598261995213500248_n-300x300.jpg 300w, https:\/\/slunecnice.orlicemb.cz\/subdom\/slunecnice\/wp-content\/uploads\/2024\/05\/406962637_1016596882976878_6598261995213500248_n-150x150.jpg 150w\" sizes=\"(max-width: 332px) 100vw, 332px\" \/><\/a><\/figure>\n\n\n\n<p class=\"has-text-align-center\">Babi<\/p>\n<\/div>\n<\/div>\n","protected":false},"excerpt":{"rendered":"<p>Veden\u00ed Kim Bar\u010da My\u0161ka Popelka Veverka Rosni\u010dky My\u0161ka Viki Han\u010da Panda Sedmikr\u00e1sky Popelka Fifi Celer Celer Bibi Babi<\/p>\n","protected":false},"author":1,"featured_media":0,"parent":13,"menu_order":0,"comment_status":"closed","ping_status":"open","template":"","meta":[],"_links":{"self":[{"href":"https:\/\/slunecnice.orlicemb.cz\/subdom\/slunecnice\/index.php?rest_route=\/wp\/v2\/pages\/19"}],"collection":[{"href":"https:\/\/slunecnice.orlicemb.cz\/subdom\/slunecnice\/index.php?rest_route=\/wp\/v2\/pages"}],"about":[{"href":"https:\/\/slunecnice.orlicemb.cz\/subdom\/slunecnice\/index.php?rest_route=\/wp\/v2\/types\/page"}],"author":[{"embeddable":true,"href":"https:\/\/slunecnice.orlicemb.cz\/subdom\/slunecnice\/index.php?rest_route=\/wp\/v2\/users\/1"}],"replies":[{"embeddable":true,"href":"https:\/\/slunecnice.orlicemb.cz\/subdom\/slunecnice\/index.php?rest_route=%2Fwp%2Fv2%2Fcomments&post=19"}],"version-history":[{"count":35,"href":"https:\/\/slunecnice.orlicemb.cz\/subdom\/slunecnice\/index.php?rest_route=\/wp\/v2\/pages\/19\/revisions"}],"predecessor-version":[{"id":1433,"href":"https:\/\/slunecnice.orlicemb.cz\/subdom\/slunecnice\/index.php?rest_route=\/wp\/v2\/pages\/19\/revisions\/1433"}],"up":[{"embeddable":true,"href":"https:\/\/slunecnice.orlicemb.cz\/subdom\/slunecnice\/index.php?rest_route=\/wp\/v2\/pages\/13"}],"wp:attachment":[{"href":"https:\/\/slunecnice.orlicemb.cz\/subdom\/slunecnice\/index.php?rest_route=%2Fwp%2Fv2%2Fmedia&parent=19"}],"curies":[{"name":"wp","href":"https:\/\/api.w.org\/{rel}","templated":true}]}}